{"id":2890,"date":"2021-07-12T07:17:22","date_gmt":"2021-07-12T07:17:22","guid":{"rendered":"https:\/\/www.lafamiliamaker.es\/?page_id=2890"},"modified":"2021-07-12T08:50:39","modified_gmt":"2021-07-12T08:50:39","slug":"contacte","status":"publish","type":"page","link":"https:\/\/www.lafamiliamaker.es\/ca\/contacte\/","title":{"rendered":"Contacte"},"content":{"rendered":"<p>[vc_row][vc_column][vc_custom_heading text=&#8221;Estem en contacte!&#8221; font_container=&#8221;tag:h1|text_align:left&#8221; use_theme_fonts=&#8221;yes&#8221; css=&#8221;.vc_custom_1626074292435{margin-bottom: 20px !important;background-color: #ffffff !important;}&#8221;][vc_empty_space height=&#8221;30&#8243;]<div class=\"konte-info-list \"><ul><li class=\"\">\r\n\t\t\t\t\t<span class=\"info-name\">ADRE\u00c7A:<\/span>\r\n\t\t\t\t\t<span class=\"info-value\">Pol\u00edgon industrial Almeda C\/ Sant Ferran, 55 - 08940 Cornell\u00e0 de Llobregat, Barcelona<\/span>\r\n\t\t\t\t<\/li><li class=\"\">\r\n\t\t\t\t\t<span class=\"info-name\">TEL\u00c8FON:<\/span>\r\n\t\t\t\t\t<span class=\"info-value\">+34 934 127 081<\/span>\r\n\t\t\t\t<\/li><li class=\"\">\r\n\t\t\t\t\t<span class=\"info-name\">A\/e:<\/span>\r\n\t\t\t\t\t<span class=\"info-value\"><a href=\"mailto:hello@lafamiliamaker.es\" class=\"konte-info-list__email-link\">hello@lafamiliamaker.es<\/a><\/span>\r\n\t\t\t\t<\/li><\/ul><\/div>[vc_empty_space height=&#8221;40px&#8221;][vc_separator][\/vc_column][\/vc_row][vc_row][vc_column][vc_empty_space height=&#8221;35px&#8221;][vc_custom_heading text=&#8221;Wood morning!<br \/>\nEt podem ajudar?&#8221; font_container=&#8221;tag:h1|text_align:left&#8221; use_theme_fonts=&#8221;yes&#8221; css=&#8221;.vc_custom_1626074376291{margin-bottom: 20px !important;}&#8221;][vc_empty_space height=&#8221;15px&#8221;]\n<div class=\"wpcf7 no-js\" id=\"wpcf7-f2894-o1\" lang=\"ca\" dir=\"ltr\" data-wpcf7-id=\"2894\">\n<div class=\"screen-reader-response\"><p role=\"status\" aria-live=\"polite\" aria-atomic=\"true\"><\/p> <ul><\/ul><\/div>\n<form action=\"\/ca\/wp-json\/wp\/v2\/pages\/2890#wpcf7-f2894-o1\" method=\"post\" class=\"wpcf7-form init\" aria-label=\"Formulari de contacte\" novalidate=\"novalidate\" data-status=\"init\">\n<fieldset class=\"hidden-fields-container\"><input type=\"hidden\" name=\"_wpcf7\" value=\"2894\" \/><input type=\"hidden\" name=\"_wpcf7_version\" value=\"6.1.5\" \/><input type=\"hidden\" name=\"_wpcf7_locale\" value=\"ca\" \/><input type=\"hidden\" name=\"_wpcf7_unit_tag\" value=\"wpcf7-f2894-o1\" \/><input type=\"hidden\" name=\"_wpcf7_container_post\" value=\"0\" \/><input type=\"hidden\" name=\"_wpcf7_posted_data_hash\" value=\"\" \/>\n<\/fieldset>\n<p><label> Nom (*)<br \/>\n<span class=\"wpcf7-form-control-wrap\" data-name=\"your-name\"><input size=\"40\" maxlength=\"400\" class=\"wpcf7-form-control wpcf7-text wpcf7-validates-as-required\" aria-required=\"true\" aria-invalid=\"false\" value=\"\" type=\"text\" name=\"your-name\" \/><\/span> <\/label>\n<\/p>\n<p><label> A\/e (*)<br \/>\n<span class=\"wpcf7-form-control-wrap\" data-name=\"your-email\"><input size=\"40\" maxlength=\"400\" class=\"wpcf7-form-control wpcf7-email wpcf7-validates-as-required wpcf7-text wpcf7-validates-as-email\" aria-required=\"true\" aria-invalid=\"false\" value=\"\" type=\"email\" name=\"your-email\" \/><\/span> <\/label>\n<\/p>\n<p><label> Assumpte<br \/>\n<span class=\"wpcf7-form-control-wrap\" data-name=\"your-subject\"><input size=\"40\" maxlength=\"400\" class=\"wpcf7-form-control wpcf7-text wpcf7-validates-as-required\" aria-required=\"true\" aria-invalid=\"false\" value=\"\" type=\"text\" name=\"your-subject\" \/><\/span> <\/label>\n<\/p>\n<p><label> El teu missatge (opcional)<br \/>\n<span class=\"wpcf7-form-control-wrap\" data-name=\"your-message\"><textarea cols=\"40\" rows=\"10\" maxlength=\"2000\" class=\"wpcf7-form-control wpcf7-textarea\" aria-invalid=\"false\" name=\"your-message\"><\/textarea><\/span> <\/label>\n<\/p>\n<p><input class=\"wpcf7-form-control wpcf7-submit has-spinner\" type=\"submit\" value=\"Envia el missatge\" \/>\n<\/p><div class=\"wpcf7-response-output\" aria-hidden=\"true\"><\/div>\n<\/form>\n<\/div>\n[vc_column_text]<em>(*)\u00a0No t\u2019oblidis d\u2019emplenar aquests camps perqu\u00e8 puguem contactar amb tu.<\/em>[\/vc_column_text][\/vc_column][\/vc_row][vc_row][vc_column][vc_column_text]<\/p>\n<div id=\"norebro-custom-604f823a80bb5\" class=\"norebro-text-sc \">\n<p>La comunicaci\u00f3 enviada s\u2019incorporar\u00e0 a un fitxer el responsable del qual \u00e9s <strong>LA FAMILIA MAKER, SL<\/strong>. Aquesta comunicaci\u00f3 s\u2019utilitzar\u00e0 exclusivament per tractar les vostres dades en atendre la vostra sol\u00b7licitud, sempre d\u2019acord amb el Reglament (UE) 2016\/679 (RGPD), la Llei org\u00e0nica 15\/1999 (LOPD) i el Reial decret 1720\/2007 de desenvolupament de la LOPD sobre protecci\u00f3 de dades. Les vostres dades no es comunicaran a tercers, excepte per obligaci\u00f3 legal, i es mantindran mentre no en sol\u00b7liciteu la cancel\u00b7laci\u00f3.<\/p>\n<p>En qualsevol moment podeu exercir els drets d\u2019acc\u00e9s, rectificaci\u00f3, portabilitat i oposici\u00f3, o, si escau, a la limitaci\u00f3 i\/o cancel\u00b7laci\u00f3 del tractament. Podeu comunicar-ho per escrit indicant les vostres dades personals a C\/ SANT FERRAN, 55, 08940 &#8211; CORNELL\u00c0 DE LLOBREGAT o mitjan\u00e7ant un correu electr\u00f2nic a <a href=\"mailto:info@efs.es\">hello@lafamiliamaker.es<\/a>.<\/p>\n<\/div>\n<p>[\/vc_column_text][\/vc_column][\/vc_row]<\/p>\n","protected":false},"excerpt":{"rendered":"<p>[vc_row][vc_column][vc_custom_heading text=&#8221;Estem en contacte!&#8221; font_container=&#8221;tag:h1|text_align:left&#8221; use_theme_fonts=&#8221;yes&#8221; css=&#8221;.vc_custom_1626074292435{margin-bottom: 20px !important;background-color: #ffffff !important;}&#8221;][vc_empty_space height=&#8221;30&#8243;][vc_empty_space height=&#8221;40px&#8221;][vc_separator][\/vc_column][\/vc_row][vc_row][vc_column][vc_empty_space height=&#8221;35px&#8221;][vc_custom_heading text=&#8221;Wood morning! Et podem ajudar?&#8221; font_container=&#8221;tag:h1|text_align:left&#8221; use_theme_fonts=&#8221;yes&#8221; css=&#8221;.vc_custom_1626074376291{margin-bottom: 20px !important;}&#8221;][vc_empty_space height=&#8221;15px&#8221;][vc_column_text](*)\u00a0No t\u2019oblidis d\u2019emplenar aquests camps perqu\u00e8&hellip;<\/p>\n","protected":false},"author":3,"featured_media":0,"parent":0,"menu_order":0,"comment_status":"closed","ping_status":"closed","template":"templates\/split.php","meta":{"footnotes":""},"class_list":["post-2890","page","type-page","status-publish","hentry"],"aioseo_notices":[],"_links":{"self":[{"href":"https:\/\/www.lafamiliamaker.es\/ca\/wp-json\/wp\/v2\/pages\/2890","targetHints":{"allow":["GET"]}}],"collection":[{"href":"https:\/\/www.lafamiliamaker.es\/ca\/wp-json\/wp\/v2\/pages"}],"about":[{"href":"https:\/\/www.lafamiliamaker.es\/ca\/wp-json\/wp\/v2\/types\/page"}],"author":[{"embeddable":true,"href":"https:\/\/www.lafamiliamaker.es\/ca\/wp-json\/wp\/v2\/users\/3"}],"replies":[{"embeddable":true,"href":"https:\/\/www.lafamiliamaker.es\/ca\/wp-json\/wp\/v2\/comments?post=2890"}],"version-history":[{"count":3,"href":"https:\/\/www.lafamiliamaker.es\/ca\/wp-json\/wp\/v2\/pages\/2890\/revisions"}],"predecessor-version":[{"id":2893,"href":"https:\/\/www.lafamiliamaker.es\/ca\/wp-json\/wp\/v2\/pages\/2890\/revisions\/2893"}],"wp:attachment":[{"href":"https:\/\/www.lafamiliamaker.es\/ca\/wp-json\/wp\/v2\/media?parent=2890"}],"curies":[{"name":"wp","href":"https:\/\/api.w.org\/{rel}","templated":true}]}}